{"id":8760,"date":"2024-10-02T08:20:35","date_gmt":"2024-10-02T08:20:35","guid":{"rendered":"https:\/\/cvbestioles.com\/medicina-interna\/"},"modified":"2025-03-18T14:13:30","modified_gmt":"2025-03-18T14:13:30","slug":"medicina-interna","status":"publish","type":"page","link":"https:\/\/cvbestioles.com\/ca\/medicina-interna\/","title":{"rendered":"Medicina interna"},"content":{"rendered":"\t\t<div data-elementor-type=\"wp-page\" data-elementor-id=\"8760\" class=\"elementor elementor-8760 elementor-7387\" data-elementor-post-type=\"page\">\n\t\t\t\t\t\t<section class=\"elementor-section elementor-top-section elementor-element elementor-element-5b6fac5 elementor-section-boxed elementor-section-height-default elementor-section-height-default\" data-id=\"5b6fac5\" data-element_type=\"section\" data-e-type=\"section\">\n\t\t\t\t\t\t<div class=\"elementor-container elementor-column-gap-default\">\n\t\t\t\t\t<div class=\"elementor-column elementor-col-100 elementor-top-column elementor-element elementor-element-a85e079\" data-id=\"a85e079\" data-element_type=\"column\" data-e-type=\"column\">\n\t\t\t<div class=\"elementor-widget-wrap elementor-element-populated\">\n\t\t\t\t\t\t<div class=\"elementor-element elementor-element-668019a elementor-widget elementor-widget-spacer\" data-id=\"668019a\" data-element_type=\"widget\" data-e-type=\"widget\" data-widget_type=\"spacer.default\">\n\t\t\t\t<div class=\"elementor-widget-container\">\n\t\t\t\t\t\t\t<div class=\"elementor-spacer\">\n\t\t\t<div class=\"elementor-spacer-inner\"><\/div>\n\t\t<\/div>\n\t\t\t\t\t\t<\/div>\n\t\t\t\t<\/div>\n\t\t\t\t<div class=\"elementor-element elementor-element-4edcadb acenter elementor-widget elementor-widget-wgl-double-heading\" data-id=\"4edcadb\" data-element_type=\"widget\" data-e-type=\"widget\" data-widget_type=\"wgl-double-heading.default\">\n\t\t\t\t<div class=\"elementor-widget-container\">\n\t\t\t\t\t<div class=\"wgl-double-heading\"><div class=\"dblh__subtitle\">BESTIOLS CL\u00cdNICA VETERIN\u00c0RIA<\/div><h2 class=\"dblh__title-wrapper\"><span class=\"dblh__title dblh__title-1\">Medicina Interna per a mascotes a Barcelona<\/span><\/h2><\/div>\t\t\t\t<\/div>\n\t\t\t\t<\/div>\n\t\t\t\t<div class=\"elementor-element elementor-element-83daa5b elementor-widget__width-initial elementor-widget elementor-widget-text-editor\" data-id=\"83daa5b\" data-element_type=\"widget\" data-e-type=\"widget\" data-widget_type=\"text-editor.default\">\n\t\t\t\t<div class=\"elementor-widget-container\">\n\t\t\t\t\t\t\t\t\t<p>La millor atenci\u00f3 per als nostres estimats peluts<\/p>\t\t\t\t\t\t\t\t<\/div>\n\t\t\t\t<\/div>\n\t\t\t\t\t<\/div>\n\t\t<\/div>\n\t\t\t\t\t<\/div>\n\t\t<\/section>\n\t\t<div class=\"elementor-element elementor-element-567f6e7 e-grid e-con-boxed e-con e-parent\" data-id=\"567f6e7\" data-element_type=\"container\" data-e-type=\"container\" data-settings=\"{&quot;background_background&quot;:&quot;classic&quot;}\">\n\t\t\t\t\t<div class=\"e-con-inner\">\n\t\t\t\t<div class=\"elementor-element elementor-element-f1bc4a0 elementor-widget-icon-box wgl-icon-box elementor-view-default acenter elementor-widget elementor-widget-wgl-info-box\" data-id=\"f1bc4a0\" data-element_type=\"widget\" data-e-type=\"widget\" data-widget_type=\"wgl-info-box.default\">\n\t\t\t\t<div class=\"elementor-widget-container\">\n\t\t\t\t\t<div class=\"wgl-infobox\"><a class=\"infobox__link\" href=\"#your-link\"><\/a><div class=\"infobox__container wgl-layout-top\"><div class=\"media-wrapper icon-wrapper\"><span class=\"wgl-icon\" ><i class=\"icon elementor-icon flaticon flaticon-vet\" aria-hidden=\"true\"><\/i><\/span><\/div><div class=\"content__wrapper\"><div class=\"infobox__titles\"><div class=\"titles__subtitle\">Diagn\u00f2stic<\/div><span class=\"titles__title\"><span class=\"title__text\">Quan es tracta de fer un diagn\u00f2stic prec\u00eds, la nostra formaci\u00f3 actualitzada, els equips del centre veterinari i la nostra experi\u00e8ncia aconsegueixen resultats<\/span><\/span><\/div><\/div><\/div><\/div>\t\t\t\t<\/div>\n\t\t\t\t<\/div>\n\t\t\t\t<div class=\"elementor-element elementor-element-43c6fd7 elementor-widget-icon-box wgl-icon-box elementor-view-default acenter elementor-widget elementor-widget-wgl-info-box\" data-id=\"43c6fd7\" data-element_type=\"widget\" data-e-type=\"widget\" data-widget_type=\"wgl-info-box.default\">\n\t\t\t\t<div class=\"elementor-widget-container\">\n\t\t\t\t\t<div class=\"wgl-infobox\"><a class=\"infobox__link\" href=\"#your-link\"><\/a><div class=\"infobox__container wgl-layout-top\"><div class=\"media-wrapper icon-wrapper\"><span class=\"wgl-icon\" ><i class=\"icon elementor-icon flaticon flaticon-vet\" aria-hidden=\"true\"><\/i><\/span><\/div><div class=\"content__wrapper\"><div class=\"infobox__titles\"><div class=\"titles__subtitle\">Comprensi\u00f3<\/div><span class=\"titles__title\"><span class=\"title__text\">La teva mascota no ens pot dir qu\u00e8 li passa quan es troba malament. Per aix\u00f2 \u00e9s a les nostres mans detectar el problema i evitar el seu malestar i la teva preocupaci\u00f3.<\/span><\/span><\/div><\/div><\/div><\/div>\t\t\t\t<\/div>\n\t\t\t\t<\/div>\n\t\t\t\t<div class=\"elementor-element elementor-element-56f2783 elementor-widget-icon-box wgl-icon-box elementor-view-default acenter elementor-widget elementor-widget-wgl-info-box\" data-id=\"56f2783\" data-element_type=\"widget\" data-e-type=\"widget\" data-widget_type=\"wgl-info-box.default\">\n\t\t\t\t<div class=\"elementor-widget-container\">\n\t\t\t\t\t<div class=\"wgl-infobox\"><a class=\"infobox__link\" href=\"#your-link\"><\/a><div class=\"infobox__container wgl-layout-top\"><div class=\"media-wrapper icon-wrapper\"><span class=\"wgl-icon\" ><i class=\"icon elementor-icon flaticon flaticon-vet\" aria-hidden=\"true\"><\/i><\/span><\/div><div class=\"content__wrapper\"><div class=\"infobox__titles\"><div class=\"titles__subtitle\">Ets membre de l'equip<\/div><span class=\"titles__title\"><span class=\"title__text\">Ning\u00fa millor que tu el coneix. Per aix\u00f2, la teva opini\u00f3 ens orienta per poder oferir el tractament m\u00e9s adequat i resoldre les seves malalties.<\/span><\/span><\/div><\/div><\/div><\/div>\t\t\t\t<\/div>\n\t\t\t\t<\/div>\n\t\t\t\t\t<\/div>\n\t\t\t\t<\/div>\n\t\t<div class=\"elementor-element elementor-element-ebe8f2e e-flex e-con-boxed e-con e-parent\" data-id=\"ebe8f2e\" data-element_type=\"container\" data-e-type=\"container\">\n\t\t\t\t\t<div class=\"e-con-inner\">\n\t\t\t\t<div class=\"elementor-element elementor-element-efb2813 elementor-widget elementor-widget-heading\" data-id=\"efb2813\" data-element_type=\"widget\" data-e-type=\"widget\" data-widget_type=\"heading.default\">\n\t\t\t\t<div class=\"elementor-widget-container\">\n\t\t\t\t\t<h2 class=\"elementor-heading-title elementor-size-default\">Qu\u00e8 \u00e9s la medicina interna?<\/h2>\t\t\t\t<\/div>\n\t\t\t\t<\/div>\n\t\t\t\t<div class=\"elementor-element elementor-element-7a28868 elementor-widget elementor-widget-text-editor\" data-id=\"7a28868\" data-element_type=\"widget\" data-e-type=\"widget\" data-widget_type=\"text-editor.default\">\n\t\t\t\t<div class=\"elementor-widget-container\">\n\t\t\t\t\t\t\t\t\t<p>La medicina interna veterin\u00e0ria tracta tots els sistemes (digestiu, respiratori, renal\u2026) de les mascotes. A Bestioles atenem els nostres pacients de forma integral, diagnosticant i tractant les malalties que puguin afectar diversos \u00f2rgans. <\/p><p>Les malalties s&#8217;aborden de manera no quir\u00fargica, aplicant protocols i tractaments per resoldre cada malaltia.<\/p><p><strong>Quan aneu a la nostra consulta veterin\u00e0ria amb la vostra mascota malalta, el que necessiteu \u00e9s tenir la confian\u00e7a que est\u00e0 en bones mans, i la tranquil\u00b7litat que farem tot el possible per resoldre el problema de salut.<\/strong><\/p><p>Tamb\u00e9 pots tenir la seguretat que serem curosos i comprensius amb les necessitats de la teva mascota i honestos amb tu per informar-te i assessorar-te en els tractaments que cal seguir.<\/p>\t\t\t\t\t\t\t\t<\/div>\n\t\t\t\t<\/div>\n\t\t\t\t<div class=\"elementor-element elementor-element-d5ce921 elementor-align-center elementor-widget elementor-widget-button\" data-id=\"d5ce921\" data-element_type=\"widget\" data-e-type=\"widget\" data-widget_type=\"button.default\">\n\t\t\t\t<div class=\"elementor-widget-container\">\n\t\t\t\t\t\t\t\t\t<div class=\"elementor-button-wrapper\">\n\t\t\t\t\t<a class=\"elementor-button elementor-button-link elementor-size-sm\" href=\"#\">\n\t\t\t\t\t\t<span class=\"elementor-button-content-wrapper\">\n\t\t\t\t\t\t<span class=\"elementor-button-icon\">\n\t\t\t\t<svg aria-hidden=\"true\" class=\"e-font-icon-svg e-fab-whatsapp\" viewBox=\"0 0 448 512\" xmlns=\"http:\/\/www.w3.org\/2000\/svg\"><path d=\"M380.9 97.1C339 55.1 283.2 32 223.9 32c-122.4 0-222 99.6-222 222 0 39.1 10.2 77.3 29.6 111L0 480l117.7-30.9c32.4 17.7 68.9 27 106.1 27h.1c122.3 0 224.1-99.6 224.1-222 0-59.3-25.2-115-67.1-157zm-157 341.6c-33.2 0-65.7-8.9-94-25.7l-6.7-4-69.8 18.3L72 359.2l-4.4-7c-18.5-29.4-28.2-63.3-28.2-98.2 0-101.7 82.8-184.5 184.6-184.5 49.3 0 95.6 19.2 130.4 54.1 34.8 34.9 56.2 81.2 56.1 130.5 0 101.8-84.9 184.6-186.6 184.6zm101.2-138.2c-5.5-2.8-32.8-16.2-37.9-18-5.1-1.9-8.8-2.8-12.5 2.8-3.7 5.6-14.3 18-17.6 21.8-3.2 3.7-6.5 4.2-12 1.4-32.6-16.3-54-29.1-75.5-66-5.7-9.8 5.7-9.1 16.3-30.3 1.8-3.7.9-6.9-.5-9.7-1.4-2.8-12.5-30.1-17.1-41.2-4.5-10.8-9.1-9.3-12.5-9.5-3.2-.2-6.9-.2-10.6-.2-3.7 0-9.7 1.4-14.8 6.9-5.1 5.6-19.4 19-19.4 46.3 0 27.3 19.9 53.7 22.6 57.4 2.8 3.7 39.1 59.7 94.8 83.8 35.2 15.2 49 16.5 66.6 13.9 10.7-1.6 32.8-13.4 37.4-26.4 4.6-13 4.6-24.1 3.2-26.4-1.3-2.5-5-3.9-10.5-6.6z\"><\/path><\/svg>\t\t\t<\/span>\n\t\t\t\t\t\t\t\t\t<span class=\"elementor-button-text\">DEMANA UNA CITA<\/span>\n\t\t\t\t\t<\/span>\n\t\t\t\t\t<\/a>\n\t\t\t\t<\/div>\n\t\t\t\t\t\t\t\t<\/div>\n\t\t\t\t<\/div>\n\t\t\t\t<div class=\"elementor-element elementor-element-e1c8978 elementor-widget elementor-widget-heading\" data-id=\"e1c8978\" data-element_type=\"widget\" data-e-type=\"widget\" data-widget_type=\"heading.default\">\n\t\t\t\t<div class=\"elementor-widget-container\">\n\t\t\t\t\t<h2 class=\"elementor-heading-title elementor-size-default\">Per aix\u00f2, ets la pe\u00e7a clau de la medicina interna\n<\/h2>\t\t\t\t<\/div>\n\t\t\t\t<\/div>\n\t\t\t\t\t<\/div>\n\t\t\t\t<\/div>\n\t\t<div class=\"elementor-element elementor-element-a3f5452 e-flex e-con-boxed e-con e-parent\" data-id=\"a3f5452\" data-element_type=\"container\" data-e-type=\"container\">\n\t\t\t\t\t<div class=\"e-con-inner\">\n\t\t\t\t<div class=\"elementor-element elementor-element-2a6d245 elementor-widget elementor-widget-text-editor\" data-id=\"2a6d245\" data-element_type=\"widget\" data-e-type=\"widget\" data-widget_type=\"text-editor.default\">\n\t\t\t\t<div class=\"elementor-widget-container\">\n\t\t\t\t\t\t\t\t\t<p>El servei de medicina interna de Bestioles se centra a realitzar diagn\u00f2stics precisos sobre quina malaltia est\u00e0 afectant la teva mascota.<\/p><p>Per a aquest objectiu disposem de laboratori i sales d&#8217;imatge per al diagn\u00f2stic que ens permeten realitzar les proves necess\u00e0ries amb la m\u00e0xima rapidesa possible.<\/p><p>Una de les dificultats m\u00e9s grans de la medicina veterin\u00e0ria \u00e9s que les nostres mascotes no poden parlar i dir-nos qu\u00e8 els molesta. No oblidem a m\u00e9s que els gats, per instint, s\u00f3n especialistes a dissimular les seves malalties. <\/p><p><strong>\u00c9s per aix\u00f2 que l&#8217;aspecte m\u00e9s important de la medicina veterin\u00e0ria ets tu. Ning\u00fa millor que tu coneix la teva mascota, ens pots explicar els canvis que has notat en el comportament. <\/strong><\/p><p>Per nosaltres sou part de l&#8217;equip. La teva opini\u00f3 \u00e9s molt important, les teves impressions, &#8216;aquesta sensaci\u00f3&#8217; que tens quan veus que alguna cosa no va b\u00e9 i tamb\u00e9 quan notes que ja va millorant. Totes les teves observacions s\u00f3n valuoses per a nosaltres perqu\u00e8 sens dubte cada pacient \u00e9s \u00fanic  <\/p>\t\t\t\t\t\t\t\t<\/div>\n\t\t\t\t<\/div>\n\t\t\t\t\t<\/div>\n\t\t\t\t<\/div>\n\t\t\t\t<section class=\"elementor-section elementor-top-section elementor-element elementor-element-d94984d elementor-section-boxed elementor-section-height-default elementor-section-height-default\" data-id=\"d94984d\" data-element_type=\"section\" data-e-type=\"section\" data-settings=\"{&quot;background_background&quot;:&quot;classic&quot;}\">\n\t\t\t\t\t\t<div class=\"elementor-container elementor-column-gap-default\">\n\t\t\t\t\t<div class=\"elementor-column elementor-col-100 elementor-top-column elementor-element elementor-element-10ac0d9\" data-id=\"10ac0d9\" data-element_type=\"column\" data-e-type=\"column\">\n\t\t\t<div class=\"elementor-widget-wrap elementor-element-populated\">\n\t\t\t\t\t\t<div class=\"elementor-element elementor-element-09addbc elementor-widget elementor-widget-spacer\" data-id=\"09addbc\" data-element_type=\"widget\" data-e-type=\"widget\" data-widget_type=\"spacer.default\">\n\t\t\t\t<div class=\"elementor-widget-container\">\n\t\t\t\t\t\t\t<div class=\"elementor-spacer\">\n\t\t\t<div class=\"elementor-spacer-inner\"><\/div>\n\t\t<\/div>\n\t\t\t\t\t\t<\/div>\n\t\t\t\t<\/div>\n\t\t\t\t<div class=\"elementor-element elementor-element-1b0d0dd acenter elementor-widget elementor-widget-wgl-double-heading\" data-id=\"1b0d0dd\" data-element_type=\"widget\" data-e-type=\"widget\" data-widget_type=\"wgl-double-heading.default\">\n\t\t\t\t<div class=\"elementor-widget-container\">\n\t\t\t\t\t<div class=\"wgl-double-heading\"><h2 class=\"dblh__title-wrapper\"><span class=\"dblh__title dblh__title-1\">Per qu\u00e8 escollir-nos?<\/span><\/h2><\/div>\t\t\t\t<\/div>\n\t\t\t\t<\/div>\n\t\t\t\t\t<\/div>\n\t\t<\/div>\n\t\t\t\t\t<\/div>\n\t\t<\/section>\n\t\t<div class=\"elementor-element elementor-element-e203f67 e-flex e-con-boxed e-con e-parent\" data-id=\"e203f67\" data-element_type=\"container\" data-e-type=\"container\" data-settings=\"{&quot;background_background&quot;:&quot;classic&quot;}\">\n\t\t\t\t\t<div class=\"e-con-inner\">\n\t\t\t\t\t<\/div>\n\t\t\t\t<\/div>\n\t\t\t\t<section class=\"elementor-section elementor-top-section elementor-element elementor-element-201ab21 elementor-section-boxed elementor-section-height-default elementor-section-height-default\" data-id=\"201ab21\" data-element_type=\"section\" data-e-type=\"section\">\n\t\t\t\t\t\t<div class=\"elementor-container elementor-column-gap-default\">\n\t\t\t\t\t<div class=\"elementor-column elementor-col-100 elementor-top-column elementor-element elementor-element-2441647\" data-id=\"2441647\" data-element_type=\"column\" data-e-type=\"column\">\n\t\t\t<div class=\"elementor-widget-wrap elementor-element-populated\">\n\t\t\t\t\t\t<section class=\"elementor-section elementor-inner-section elementor-element elementor-element-f8031df elementor-section-boxed elementor-section-height-default elementor-section-height-default\" data-id=\"f8031df\" data-element_type=\"section\" data-e-type=\"section\" data-settings=\"{&quot;background_background&quot;:&quot;classic&quot;}\">\n\t\t\t\t\t\t<div class=\"elementor-container elementor-column-gap-default\">\n\t\t\t\t\t<div class=\"elementor-column elementor-col-25 elementor-inner-column elementor-element elementor-element-50ad331\" data-id=\"50ad331\" data-element_type=\"column\" data-e-type=\"column\">\n\t\t\t<div class=\"elementor-widget-wrap elementor-element-populated\">\n\t\t\t\t\t\t<div class=\"elementor-element elementor-element-1d75196 elementor-widget elementor-widget-spacer\" data-id=\"1d75196\" data-element_type=\"widget\" data-e-type=\"widget\" data-widget_type=\"spacer.default\">\n\t\t\t\t<div class=\"elementor-widget-container\">\n\t\t\t\t\t\t\t<div class=\"elementor-spacer\">\n\t\t\t<div class=\"elementor-spacer-inner\"><\/div>\n\t\t<\/div>\n\t\t\t\t\t\t<\/div>\n\t\t\t\t<\/div>\n\t\t\t\t<div class=\"elementor-element elementor-element-11ec8eb align-center elementor-widget elementor-widget-wgl-counter\" data-id=\"11ec8eb\" data-element_type=\"widget\" data-e-type=\"widget\" data-widget_type=\"wgl-counter.default\">\n\t\t\t\t<div class=\"elementor-widget-container\">\n\t\t\t\t\t<div class=\"wgl-counter\"><div class=\"counter__container title-block\"><div class=\"counter__content\"><div class=\"content__value\"><div class=\"value__wrapper\"><span class=\"value__placeholder\">2000<\/span><span class=\"value__text\" data-start-value=\"0\" data-end-value=\"2000\" data-speed=\"200\">0<\/span><\/div><span class=\"value__suffix\">+<\/span><\/div><h3 class=\"content__title\">CLIENTS FELI\u00c7OS<\/h3><\/div><\/div><\/div>\t\t\t\t<\/div>\n\t\t\t\t<\/div>\n\t\t\t\t<div class=\"elementor-element elementor-element-b366477 elementor-widget elementor-widget-spacer\" data-id=\"b366477\" data-element_type=\"widget\" data-e-type=\"widget\" data-widget_type=\"spacer.default\">\n\t\t\t\t<div class=\"elementor-widget-container\">\n\t\t\t\t\t\t\t<div class=\"elementor-spacer\">\n\t\t\t<div class=\"elementor-spacer-inner\"><\/div>\n\t\t<\/div>\n\t\t\t\t\t\t<\/div>\n\t\t\t\t<\/div>\n\t\t\t\t\t<\/div>\n\t\t<\/div>\n\t\t\t\t<div class=\"elementor-column elementor-col-25 elementor-inner-column elementor-element elementor-element-20fdaf0\" data-id=\"20fdaf0\" data-element_type=\"column\" data-e-type=\"column\">\n\t\t\t<div class=\"elementor-widget-wrap elementor-element-populated\">\n\t\t\t\t\t\t<div class=\"elementor-element elementor-element-c45bdaa elementor-widget elementor-widget-spacer\" data-id=\"c45bdaa\" data-element_type=\"widget\" data-e-type=\"widget\" data-widget_type=\"spacer.default\">\n\t\t\t\t<div class=\"elementor-widget-container\">\n\t\t\t\t\t\t\t<div class=\"elementor-spacer\">\n\t\t\t<div class=\"elementor-spacer-inner\"><\/div>\n\t\t<\/div>\n\t\t\t\t\t\t<\/div>\n\t\t\t\t<\/div>\n\t\t\t\t<div class=\"elementor-element elementor-element-d85b427 align-center elementor-widget elementor-widget-wgl-counter\" data-id=\"d85b427\" data-element_type=\"widget\" data-e-type=\"widget\" data-widget_type=\"wgl-counter.default\">\n\t\t\t\t<div class=\"elementor-widget-container\">\n\t\t\t\t\t<div class=\"wgl-counter\"><div class=\"counter__container title-block\"><div class=\"counter__content\"><div class=\"content__value\"><div class=\"value__wrapper\"><span class=\"value__placeholder\">34<\/span><span class=\"value__text\" data-start-value=\"0\" data-end-value=\"34\" data-speed=\"200\">0<\/span><\/div><span class=\"value__suffix\">+<\/span><\/div><h3 class=\"content__title\">ANYS DE SERVEI<\/h3><\/div><\/div><\/div>\t\t\t\t<\/div>\n\t\t\t\t<\/div>\n\t\t\t\t<div class=\"elementor-element elementor-element-1f88b80 elementor-widget elementor-widget-spacer\" data-id=\"1f88b80\" data-element_type=\"widget\" data-e-type=\"widget\" data-widget_type=\"spacer.default\">\n\t\t\t\t<div class=\"elementor-widget-container\">\n\t\t\t\t\t\t\t<div class=\"elementor-spacer\">\n\t\t\t<div class=\"elementor-spacer-inner\"><\/div>\n\t\t<\/div>\n\t\t\t\t\t\t<\/div>\n\t\t\t\t<\/div>\n\t\t\t\t\t<\/div>\n\t\t<\/div>\n\t\t\t\t<div class=\"elementor-column elementor-col-25 elementor-inner-column elementor-element elementor-element-3c9dc1f\" data-id=\"3c9dc1f\" data-element_type=\"column\" data-e-type=\"column\">\n\t\t\t<div class=\"elementor-widget-wrap elementor-element-populated\">\n\t\t\t\t\t\t<div class=\"elementor-element elementor-element-c5303bc elementor-widget elementor-widget-spacer\" data-id=\"c5303bc\" data-element_type=\"widget\" data-e-type=\"widget\" data-widget_type=\"spacer.default\">\n\t\t\t\t<div class=\"elementor-widget-container\">\n\t\t\t\t\t\t\t<div class=\"elementor-spacer\">\n\t\t\t<div class=\"elementor-spacer-inner\"><\/div>\n\t\t<\/div>\n\t\t\t\t\t\t<\/div>\n\t\t\t\t<\/div>\n\t\t\t\t<div class=\"elementor-element elementor-element-6fedbd2 align-center elementor-widget elementor-widget-wgl-counter\" data-id=\"6fedbd2\" data-element_type=\"widget\" data-e-type=\"widget\" data-widget_type=\"wgl-counter.default\">\n\t\t\t\t<div class=\"elementor-widget-container\">\n\t\t\t\t\t<div class=\"wgl-counter\"><div class=\"counter__container title-block\"><div class=\"counter__content\"><div class=\"content__value\"><div class=\"value__wrapper\"><span class=\"value__placeholder\">8<\/span><span class=\"value__text\" data-start-value=\"0\" data-end-value=\"8\" data-speed=\"200\">0<\/span><\/div><span class=\"value__suffix\">+<\/span><\/div><h3 class=\"content__title\">EQUIP PROFESSIONAL<\/h3><\/div><\/div><\/div>\t\t\t\t<\/div>\n\t\t\t\t<\/div>\n\t\t\t\t<div class=\"elementor-element elementor-element-2d31690 elementor-widget elementor-widget-spacer\" data-id=\"2d31690\" data-element_type=\"widget\" data-e-type=\"widget\" data-widget_type=\"spacer.default\">\n\t\t\t\t<div class=\"elementor-widget-container\">\n\t\t\t\t\t\t\t<div class=\"elementor-spacer\">\n\t\t\t<div class=\"elementor-spacer-inner\"><\/div>\n\t\t<\/div>\n\t\t\t\t\t\t<\/div>\n\t\t\t\t<\/div>\n\t\t\t\t\t<\/div>\n\t\t<\/div>\n\t\t\t\t<div class=\"elementor-column elementor-col-25 elementor-inner-column elementor-element elementor-element-0905c89\" data-id=\"0905c89\" data-element_type=\"column\" data-e-type=\"column\">\n\t\t\t<div class=\"elementor-widget-wrap elementor-element-populated\">\n\t\t\t\t\t\t<div class=\"elementor-element elementor-element-c6efadc elementor-widget elementor-widget-spacer\" data-id=\"c6efadc\" data-element_type=\"widget\" data-e-type=\"widget\" data-widget_type=\"spacer.default\">\n\t\t\t\t<div class=\"elementor-widget-container\">\n\t\t\t\t\t\t\t<div class=\"elementor-spacer\">\n\t\t\t<div class=\"elementor-spacer-inner\"><\/div>\n\t\t<\/div>\n\t\t\t\t\t\t<\/div>\n\t\t\t\t<\/div>\n\t\t\t\t<div class=\"elementor-element elementor-element-453ef11 align-center elementor-widget elementor-widget-wgl-counter\" data-id=\"453ef11\" data-element_type=\"widget\" data-e-type=\"widget\" data-widget_type=\"wgl-counter.default\">\n\t\t\t\t<div class=\"elementor-widget-container\">\n\t\t\t\t\t<div class=\"wgl-counter\"><div class=\"counter__container title-block\"><div class=\"counter__content\"><div class=\"content__value\"><div class=\"value__wrapper\"><span class=\"value__placeholder\">2500<\/span><span class=\"value__text\" data-start-value=\"0\" data-end-value=\"2500\" data-speed=\"200\">0<\/span><\/div><span class=\"value__suffix\">+<\/span><\/div><h3 class=\"content__title\">MASCOTES FELI\u00c7OS<\/h3><\/div><\/div><\/div>\t\t\t\t<\/div>\n\t\t\t\t<\/div>\n\t\t\t\t<div class=\"elementor-element elementor-element-ded3e4b elementor-widget elementor-widget-spacer\" data-id=\"ded3e4b\" data-element_type=\"widget\" data-e-type=\"widget\" data-widget_type=\"spacer.default\">\n\t\t\t\t<div class=\"elementor-widget-container\">\n\t\t\t\t\t\t\t<div class=\"elementor-spacer\">\n\t\t\t<div class=\"elementor-spacer-inner\"><\/div>\n\t\t<\/div>\n\t\t\t\t\t\t<\/div>\n\t\t\t\t<\/div>\n\t\t\t\t\t<\/div>\n\t\t<\/div>\n\t\t\t\t\t<\/div>\n\t\t<\/section>\n\t\t\t\t\t<\/div>\n\t\t<\/div>\n\t\t\t\t\t<\/div>\n\t\t<\/section>\n\t\t\t\t<\/div>\n\t\t","protected":false},"excerpt":{"rendered":"<p>BESTIOLS CL\u00cdNICA VETERIN\u00c0RIA Medicina Interna per a mascotes a Barcelona La millor atenci\u00f3 per als nostres estimats peluts Diagn\u00f2sticQuan es tracta de fer un diagn\u00f2stic prec\u00eds, la nostra formaci\u00f3 actualitzada, els equips del centre veterinari i la nostra experi\u00e8ncia aconsegueixen resultats Comprensi\u00f3La teva mascota no ens pot dir qu\u00e8 li passa quan es troba malament. [&hellip;]<\/p>\n","protected":false},"author":1,"featured_media":0,"parent":0,"menu_order":0,"comment_status":"closed","ping_status":"closed","template":"","meta":{"_joinchat":[],"footnotes":""},"class_list":["post-8760","page","type-page","status-publish","hentry"],"_links":{"self":[{"href":"https:\/\/cvbestioles.com\/ca\/wp-json\/wp\/v2\/pages\/8760","targetHints":{"allow":["GET"]}}],"collection":[{"href":"https:\/\/cvbestioles.com\/ca\/wp-json\/wp\/v2\/pages"}],"about":[{"href":"https:\/\/cvbestioles.com\/ca\/wp-json\/wp\/v2\/types\/page"}],"author":[{"embeddable":true,"href":"https:\/\/cvbestioles.com\/ca\/wp-json\/wp\/v2\/users\/1"}],"replies":[{"embeddable":true,"href":"https:\/\/cvbestioles.com\/ca\/wp-json\/wp\/v2\/comments?post=8760"}],"version-history":[{"count":5,"href":"https:\/\/cvbestioles.com\/ca\/wp-json\/wp\/v2\/pages\/8760\/revisions"}],"predecessor-version":[{"id":14396,"href":"https:\/\/cvbestioles.com\/ca\/wp-json\/wp\/v2\/pages\/8760\/revisions\/14396"}],"wp:attachment":[{"href":"https:\/\/cvbestioles.com\/ca\/wp-json\/wp\/v2\/media?parent=8760"}],"curies":[{"name":"wp","href":"https:\/\/api.w.org\/{rel}","templated":true}]}}